{"id":9,"date":"2019-08-12T11:50:24","date_gmt":"2019-08-12T11:50:24","guid":{"rendered":"http:\/\/localhost\/dominus\/?page_id=9"},"modified":"2019-10-17T19:56:39","modified_gmt":"2019-10-17T19:56:39","slug":"faq","status":"publish","type":"page","link":"https:\/\/dominusadm.com.br\/index.php\/faq\/","title":{"rendered":"FAQ"},"content":{"rendered":"\n<p style=\"text-align:center\"><strong>Tem alguma d\u00favida? Veja as perguntas frequentes abaixo; sua resposta pode j\u00e1 estar aqui<\/strong>.<br>Caso n\u00e3o esteja, estamos sempre dispon\u00edveis para atender voc\u00ea atrav\u00e9s de nossos telefones ou e-mails na aba <a href=\"https:\/\/dominusadm.com.br\/index.php\/fale-conosco\/\" target=\"_blank\" rel=\"noreferrer noopener\" aria-label=\" (abre numa nova aba)\">FALE CONOSCO<\/a><\/p>\n","protected":false},"excerpt":{"rendered":"<p>Tem alguma d\u00favida? Veja as perguntas frequentes abaixo; sua resposta pode j\u00e1 estar aqui.Caso n\u00e3o esteja, estamos sempre dispon\u00edveis para atender voc\u00ea atrav\u00e9s de nossos telefones ou e-mails na aba FALE CONOSCO<\/p>\n","protected":false},"author":1,"featured_media":0,"parent":0,"menu_order":0,"comment_status":"closed","ping_status":"closed","template":"page-question.php","meta":{"_exactmetrics_skip_tracking":false,"_exactmetrics_sitenote_active":false,"_exactmetrics_sitenote_note":"","_exactmetrics_sitenote_category":0},"acf":[],"_links":{"self":[{"href":"https:\/\/dominusadm.com.br\/index.php\/wp-json\/wp\/v2\/pages\/9"}],"collection":[{"href":"https:\/\/dominusadm.com.br\/index.php\/wp-json\/wp\/v2\/pages"}],"about":[{"href":"https:\/\/dominusadm.com.br\/index.php\/wp-json\/wp\/v2\/types\/page"}],"author":[{"embeddable":true,"href":"https:\/\/dominusadm.com.br\/index.php\/wp-json\/wp\/v2\/users\/1"}],"replies":[{"embeddable":true,"href":"https:\/\/dominusadm.com.br\/index.php\/wp-json\/wp\/v2\/comments?post=9"}],"version-history":[{"count":15,"href":"https:\/\/dominusadm.com.br\/index.php\/wp-json\/wp\/v2\/pages\/9\/revisions"}],"predecessor-version":[{"id":213,"href":"https:\/\/dominusadm.com.br\/index.php\/wp-json\/wp\/v2\/pages\/9\/revisions\/213"}],"wp:attachment":[{"href":"https:\/\/dominusadm.com.br\/index.php\/wp-json\/wp\/v2\/media?parent=9"}],"curies":[{"name":"wp","href":"https:\/\/api.w.org\/{rel}","templated":true}]}}