{"id":5,"date":"2019-08-12T11:50:00","date_gmt":"2019-08-12T11:50:00","guid":{"rendered":"http:\/\/localhost\/dominus\/?page_id=5"},"modified":"2019-09-10T22:39:40","modified_gmt":"2019-09-10T22:39:40","slug":"a-dominus","status":"publish","type":"page","link":"https:\/\/dominusadm.com.br\/index.php\/a-dominus\/","title":{"rendered":"A DOMINUS"},"content":{"rendered":"\n<p>A <strong>Dominus Administradora de Condom\u00ednio<\/strong> foi criada em 2006 com a finalidade de aprimorar e profissionalizar o setor de administra\u00e7\u00e3o de condom\u00ednios no mercado da grande Natal.<\/p>\n\n\n\n<p>Baseada em diretrizes humanas e modernas, prioriza um atendimento diferenciado em <strong>quest\u00f5es administrativas, cont\u00e1beis e jur\u00eddicas<\/strong>, para maior tranquilidade de s\u00edndicos, cond\u00f4minos, investidores e pessoas que buscam o bem-estar em suas moradias.<\/p>\n\n\n\n<p>Atuando com imparcialidade, transpar\u00eancia e profissionalismo, a Dominus tem o objetivo de<strong> otimizar a atua\u00e7\u00e3o do s\u00edndico na gest\u00e3o condominial, proporcionando orienta\u00e7\u00e3o especializada e todos os recursos necess\u00e1rios para a administra\u00e7\u00e3o de condom\u00ednios, e gest\u00e3o da m\u00e3o de obra, solucionando problemas e dificuldades tanto na \u00e1rea administrativa como no aspecto legal.<\/strong><\/p>\n\n\n\n<p><strong>A Dominus conta ainda com um Departamento Jur\u00eddico e Cont\u00e1bil pr\u00f3prio<\/strong>, que presta <strong>assessoria no \u00e2mbito cont\u00e1bil, judicial e extrajudicial<\/strong>, poupando seus clientes de eventuais preocupa\u00e7\u00f5es e oferecendo um qualificado suporte, sempre que necess\u00e1rio, principalmente na cobran\u00e7a aos inadimplentes.<\/p>\n\n\n\n<p>Al\u00e9m de contar com pessoal especializado para prestar toda assessoria financeira e jur\u00eddica, a nossa empresa conta com um sistema de informa\u00e7\u00e3o atualizado e din\u00e2mico que permite oferecer a seus clientes posi\u00e7\u00e3o di\u00e1ria de receita e despesas, atrav\u00e9s do sistema online.<\/p>\n\n\n\n<p>Com isso, a Dominus Administradora de Condom\u00ednios, coloca \u00e0 disposi\u00e7\u00e3o dos seus clientes todos os servi\u00e7os de responsabilidade das administradoras de condom\u00ednios, com qualidade e efici\u00eancia \u00fanica, pois seu atendimento \u00e9 diferenciado e realizado diretamente pelos pr\u00f3prios s\u00f3cios e colaboradores de modo a fidelizar seus clientes, priorizando as rela\u00e7\u00f5es humanas.<\/p>\n\n\n\n<p>Esta forma de atendimento, aliada a equipamentos de \u00faltima gera\u00e7\u00e3o e programas espec\u00edficos, fazem com que possamos executar quaisquer tipos de servi\u00e7o de apoio, dentro das exig\u00eancias de cada s\u00edndico.<\/p>\n\n\n\n<p style=\"text-align:center\"><strong>Dominus. Administrando o seu bem-estar!!!<\/strong><br><\/p>\n\n\n\n<p><\/p>\n","protected":false},"excerpt":{"rendered":"<p>A Dominus Administradora de Condom\u00ednio foi criada em 2006 com a finalidade de aprimorar e profissionalizar o setor de administra\u00e7\u00e3o de condom\u00ednios no mercado da grande Natal. Baseada em diretrizes humanas e modernas, prioriza um atendimento diferenciado em quest\u00f5es administrativas, cont\u00e1beis e jur\u00eddicas, para maior tranquilidade de s\u00edndicos, cond\u00f4minos, investidores e pessoas que buscam o [&hellip;]<\/p>\n","protected":false},"author":1,"featured_media":187,"parent":0,"menu_order":0,"comment_status":"closed","ping_status":"closed","template":"","meta":{"_exactmetrics_skip_tracking":false,"_exactmetrics_sitenote_active":false,"_exactmetrics_sitenote_note":"","_exactmetrics_sitenote_category":0},"acf":[],"_links":{"self":[{"href":"https:\/\/dominusadm.com.br\/index.php\/wp-json\/wp\/v2\/pages\/5"}],"collection":[{"href":"https:\/\/dominusadm.com.br\/index.php\/wp-json\/wp\/v2\/pages"}],"about":[{"href":"https:\/\/dominusadm.com.br\/index.php\/wp-json\/wp\/v2\/types\/page"}],"author":[{"embeddable":true,"href":"https:\/\/dominusadm.com.br\/index.php\/wp-json\/wp\/v2\/users\/1"}],"replies":[{"embeddable":true,"href":"https:\/\/dominusadm.com.br\/index.php\/wp-json\/wp\/v2\/comments?post=5"}],"version-history":[{"count":8,"href":"https:\/\/dominusadm.com.br\/index.php\/wp-json\/wp\/v2\/pages\/5\/revisions"}],"predecessor-version":[{"id":72,"href":"https:\/\/dominusadm.com.br\/index.php\/wp-json\/wp\/v2\/pages\/5\/revisions\/72"}],"wp:featuredmedia":[{"embeddable":true,"href":"https:\/\/dominusadm.com.br\/index.php\/wp-json\/wp\/v2\/media\/187"}],"wp:attachment":[{"href":"https:\/\/dominusadm.com.br\/index.php\/wp-json\/wp\/v2\/media?parent=5"}],"curies":[{"name":"wp","href":"https:\/\/api.w.org\/{rel}","templated":true}]}}