{"id":42,"date":"2019-08-12T13:31:12","date_gmt":"2019-08-12T13:31:12","guid":{"rendered":"http:\/\/localhost\/dominus\/?page_id=42"},"modified":"2019-08-16T20:54:21","modified_gmt":"2019-08-16T20:54:21","slug":"solicite-uma-proposta","status":"publish","type":"page","link":"https:\/\/dominusadm.com.br\/index.php\/solicite-uma-proposta\/","title":{"rendered":"SOLICITE UMA PROPOSTA"},"content":{"rendered":"\n<p style=\"text-align:center\">Condom\u00ednio mais organizado nas \u00e1reas Administrativa, Cont\u00e1bil e Jur\u00eddica; S\u00edndico atuando de forma otimizada em sua gest\u00e3o condominial. Tudo de forma a levar transpar\u00eancia, seguran\u00e7a e tranquilidade a cond\u00f4minos e membros da sindic\u00e2ncia.<\/p>\n","protected":false},"excerpt":{"rendered":"<p>Condom\u00ednio mais organizado nas \u00e1reas Administrativa, Cont\u00e1bil e Jur\u00eddica; S\u00edndico atuando de forma otimizada em sua gest\u00e3o condominial. Tudo de forma a levar transpar\u00eancia, seguran\u00e7a e tranquilidade a cond\u00f4minos e membros da sindic\u00e2ncia.<\/p>\n","protected":false},"author":1,"featured_media":0,"parent":0,"menu_order":0,"comment_status":"closed","ping_status":"closed","template":"page-solicite.php","meta":{"_exactmetrics_skip_tracking":false,"_exactmetrics_sitenote_active":false,"_exactmetrics_sitenote_note":"","_exactmetrics_sitenote_category":0},"acf":[],"_links":{"self":[{"href":"https:\/\/dominusadm.com.br\/index.php\/wp-json\/wp\/v2\/pages\/42"}],"collection":[{"href":"https:\/\/dominusadm.com.br\/index.php\/wp-json\/wp\/v2\/pages"}],"about":[{"href":"https:\/\/dominusadm.com.br\/index.php\/wp-json\/wp\/v2\/types\/page"}],"author":[{"embeddable":true,"href":"https:\/\/dominusadm.com.br\/index.php\/wp-json\/wp\/v2\/users\/1"}],"replies":[{"embeddable":true,"href":"https:\/\/dominusadm.com.br\/index.php\/wp-json\/wp\/v2\/comments?post=42"}],"version-history":[{"count":7,"href":"https:\/\/dominusadm.com.br\/index.php\/wp-json\/wp\/v2\/pages\/42\/revisions"}],"predecessor-version":[{"id":153,"href":"https:\/\/dominusadm.com.br\/index.php\/wp-json\/wp\/v2\/pages\/42\/revisions\/153"}],"wp:attachment":[{"href":"https:\/\/dominusadm.com.br\/index.php\/wp-json\/wp\/v2\/media?parent=42"}],"curies":[{"name":"wp","href":"https:\/\/api.w.org\/{rel}","templated":true}]}}