{"id":15,"date":"2019-08-12T11:51:51","date_gmt":"2019-08-12T11:51:51","guid":{"rendered":"http:\/\/localhost\/dominus\/?page_id=15"},"modified":"2020-10-27T17:35:22","modified_gmt":"2020-10-27T17:35:22","slug":"fale-conosco","status":"publish","type":"page","link":"https:\/\/dominusadm.com.br\/index.php\/fale-conosco\/","title":{"rendered":"FALE CONOSCO"},"content":{"rendered":"\n<p style=\"text-align:center\">Fale conosco atrav\u00e9s do formul\u00e1rio abaixo ou do telefone <br><strong>(84) 3201-2122 <\/strong>(Recep\u00e7\u00e3o).<br>Se preferir, tamb\u00e9m pode entrar em contato atrav\u00e9s dos nossos n\u00fameros de Whatsapp:<\/p>\n\n\n\n<div class=\"wp-block-columns has-2-columns\">\n<div class=\"wp-block-column\">\n<p style=\"text-align:center\" class=\"whats-link\"><strong><a href=\"https:\/\/wa.me\/5584991035413\" target=\"_blank\" rel=\"noreferrer noopener\" aria-label=\" (abre numa nova aba)\">Boletos: (84) 99103-5413<\/a><\/strong><\/p>\n\n\n\n<p style=\"text-align:center\" class=\"whats-link\"><strong><a href=\"https:\/\/wa.me\/5584981051510\" target=\"_blank\" rel=\"noreferrer noopener\" aria-label=\" (abre numa nova aba)\">Pagamentos: (84) 98105-1510<\/a><\/strong><\/p>\n\n\n\n<p style=\"text-align:center\" class=\"whats-link\"><strong><a href=\"https:\/\/wa.me\/5584988231352\" target=\"_blank\" rel=\"noreferrer noopener\" aria-label=\" (abre numa nova aba)\">Comercial: (84) 98823-1352<\/a><\/strong><\/p>\n<\/div>\n\n\n\n<div class=\"wp-block-column\">\n<p style=\"text-align:center\" class=\"whats-link\"><strong><a href=\"https:\/\/wa.me\/5584994710299\" target=\"_blank\" rel=\"noreferrer noopener\" aria-label=\" (abre numa nova aba)\">Financeiro: (84) 99471-0299<\/a><\/strong><\/p>\n\n\n\n<p style=\"text-align:center\" class=\"whats-link\"><strong><a href=\"https:\/\/wa.me\/5584994814523\" target=\"_blank\" rel=\"noreferrer noopener\" aria-label=\" (abre numa nova aba)\">Jur\u00eddico: (84) 99481-4523<\/a><\/strong><\/p>\n<\/div>\n<\/div>\n\n\n\n<p><\/p>\n","protected":false},"excerpt":{"rendered":"<p>Fale conosco atrav\u00e9s do formul\u00e1rio abaixo ou do telefone (84) 3201-2122 (Recep\u00e7\u00e3o).Se preferir, tamb\u00e9m pode entrar em contato atrav\u00e9s dos nossos n\u00fameros de Whatsapp: Boletos: (84) 99103-5413 Pagamentos: (84) 98105-1510 Comercial: (84) 98823-1352 Financeiro: (84) 99471-0299 Jur\u00eddico: (84) 99481-4523<\/p>\n","protected":false},"author":1,"featured_media":0,"parent":0,"menu_order":0,"comment_status":"closed","ping_status":"closed","template":"page-contact.php","meta":{"_exactmetrics_skip_tracking":false,"_exactmetrics_sitenote_active":false,"_exactmetrics_sitenote_note":"","_exactmetrics_sitenote_category":0},"acf":[],"_links":{"self":[{"href":"https:\/\/dominusadm.com.br\/index.php\/wp-json\/wp\/v2\/pages\/15"}],"collection":[{"href":"https:\/\/dominusadm.com.br\/index.php\/wp-json\/wp\/v2\/pages"}],"about":[{"href":"https:\/\/dominusadm.com.br\/index.php\/wp-json\/wp\/v2\/types\/page"}],"author":[{"embeddable":true,"href":"https:\/\/dominusadm.com.br\/index.php\/wp-json\/wp\/v2\/users\/1"}],"replies":[{"embeddable":true,"href":"https:\/\/dominusadm.com.br\/index.php\/wp-json\/wp\/v2\/comments?post=15"}],"version-history":[{"count":36,"href":"https:\/\/dominusadm.com.br\/index.php\/wp-json\/wp\/v2\/pages\/15\/revisions"}],"predecessor-version":[{"id":216,"href":"https:\/\/dominusadm.com.br\/index.php\/wp-json\/wp\/v2\/pages\/15\/revisions\/216"}],"wp:attachment":[{"href":"https:\/\/dominusadm.com.br\/index.php\/wp-json\/wp\/v2\/media?parent=15"}],"curies":[{"name":"wp","href":"https:\/\/api.w.org\/{rel}","templated":true}]}}